{"id":44,"date":"2015-08-04T12:36:02","date_gmt":"2015-08-04T12:36:02","guid":{"rendered":"http:\/\/lavidasana.ibp-dresden.de\/?page_id=44"},"modified":"2025-01-04T19:49:51","modified_gmt":"2025-01-04T19:49:51","slug":"kinesiologie","status":"publish","type":"page","link":"https:\/\/centrolavidasana.com\/es\/leistungen\/kinesiologie\/","title":{"rendered":"Kinesiolog\u00eda"},"content":{"rendered":"<div id=\"pl-44\"  class=\"panel-layout\" ><div id=\"pg-44-0\"  class=\"panel-grid panel-has-style\" ><div style=\"padding: 0px 0; \" class=\"panel-row-style panel-row-style-for-44-0\" ><div id=\"pgc-44-0-0\"  class=\"panel-grid-cell\" ><div id=\"panel-44-0-0-0\" class=\"so-panel widget widget_black-studio-tinymce widget_black_studio_tinymce panel-first-child panel-last-child\" data-index=\"0\" ><div class=\"content-headline panel-widget-style panel-widget-style-for-44-0-0-0\" ><h3 class=\"widget-title\">Kinesiolog\u00eda<\/h3><div class=\"textwidget\"><\/div><\/div><\/div><\/div><\/div><\/div><div id=\"pg-44-1\"  class=\"panel-grid panel-has-style\" ><div style=\"padding: 0px 0; \" class=\"panel-row-style panel-row-style-for-44-1\" ><div id=\"pgc-44-1-0\"  class=\"panel-grid-cell\" ><div id=\"panel-44-1-0-0\" class=\"so-panel widget widget_black-studio-tinymce widget_black_studio_tinymce panel-first-child panel-last-child\" data-index=\"1\" ><div class=\"panel-widget-style panel-widget-style-for-44-1-0-0\" ><div class=\"textwidget\"><p style=\"text-align: center;\"><span style=\"color: #ff6600;\"><\/span><\/p>\n\n<h4 class=\"western\" style=\"text-align: center;\"><span style=\"color: #ff6600;\">\u00bfQu\u00e9 es Kinesiolog\u00eda?<\/span><\/h4>\n<p class=\"western\" style=\"text-align: left;\"><span style=\"color: #003366;\">\u2026 es la ciencia del movimiento del humano en el sentido m\u00e1s amplio de la palabra. El concepto se compone de las palabras griegas \u201ck\u00ednesis\u201d (movimiento) y \u201clog\u00eda\u201d (ciencia). <\/span><\/p>\n<p class=\"western\" style=\"text-align: left;\"><span style=\"color: #003366;\">Su descubrimiento se remonta a las experiencias y exploraciones del quiropr\u00e1ctico americano Dr. George Goodheart.<\/span><\/p>\n\n<strong style=\"color: #000080; text-align: center;\"><span style=\"font-size: medium;\">\u00a0<\/span><\/strong><\/div><\/div><\/div><\/div><div id=\"pgc-44-1-1\"  class=\"panel-grid-cell\" ><div id=\"panel-44-1-1-0\" class=\"so-panel widget widget_black-studio-tinymce widget_black_studio_tinymce panel-first-child panel-last-child\" data-index=\"2\" ><div class=\"textwidget\"><p class=\"western\" style=\"text-align: center;\"><span style=\"color: #003366;\"><span style=\"font-size: medium;\"><\/span><\/p>\n<p class=\"western\" style=\"text-align: center;\"><span style=\"color: #003366;\"><strong>La ventaja principal de la Kinesiolog\u00eda consiste en que ella le permite al cuerpo de comunicar directamente, lo que se puede hacer para solucionar un problema determinado o para llegar a una meta espec\u00edfica.<\/strong> De esa manera se asegura que solamente se tome las medidas requeridas y aceptadas por el mismo cuerpo. Ese procedimiento ayuda a los afectados de obtener m\u00e1s autonom\u00eda y mayor organizaci\u00f3n personal.\u00a0<\/span><\/p>\n<p class=\"western\" align=\"left\"><span style=\"color: #000080;\"><strong><span style=\"font-size: medium;\">\u00a0<\/span><\/strong><\/span><\/p>\n<\/div><\/div><\/div><\/div><\/div><div id=\"pg-44-2\"  class=\"panel-grid panel-has-style\" ><div style=\"padding: 0px 0; \" class=\"panel-row-style panel-row-style-for-44-2\" ><div id=\"pgc-44-2-0\"  class=\"panel-grid-cell\" ><div id=\"panel-44-2-0-0\" class=\"so-panel widget widget_black-studio-tinymce widget_black_studio_tinymce panel-first-child panel-last-child\" data-index=\"3\" ><div class=\"panel-widget-style panel-widget-style-for-44-2-0-0\" ><div class=\"textwidget\"><a href=\"https:\/\/centrolavidasana.com\/wp-content\/uploads\/2015\/08\/Kinesiologie-e1449141667839.jpg\"><img loading=\"lazy\" decoding=\"async\" class=\"box-shadow2 aligncenter wp-image-1072 size-medium\" src=\"https:\/\/centrolavidasana.com\/wp-content\/uploads\/2015\/08\/Kinesiologie-300x244.jpg\" alt=\"Kinesiologie\" width=\"300\" height=\"244\" \/><\/a>\n<p class=\"western\" style=\"text-align: center;\" align=\"left\"><span style=\"color: #003366;\"><span style=\"font-size: medium;\"><\/span><\/p>\n<p class=\"western\" style=\"text-align: center;\" align=\"left\"><span style=\"color: #003366;\"><strong>La kinesiolog\u00eda considera a la persona \u00edntegra<\/strong>, de cara a aspectos de su ser, as\u00ed pues las vertientes f\u00edsicos, bioqu\u00edmicos y ps\u00edquicos (emocional-mental) de la salud. No est\u00e1 bajo la influencia de una filosof\u00eda determinada, es m\u00e1s, est\u00e1 abierta para todas las fuentes que pueden ser beneficiosos para el bienestar de la persona. <\/span><\/p>\n<p class=\"western\" style=\"text-align: center;\" align=\"left\"><span style=\"color: #003366;\"><strong style=\"color: #000080; text-align: center;\"><span style=\"font-size: medium;\">\u00a0<\/span><\/strong><\/span><\/p>\n<p class=\"western\" style=\"text-align: center;\" align=\"left\"><\/p><\/div><\/div><\/div><\/div><div id=\"pgc-44-2-1\"  class=\"panel-grid-cell\" ><div id=\"panel-44-2-1-0\" class=\"so-panel widget widget_black-studio-tinymce widget_black_studio_tinymce panel-first-child panel-last-child\" data-index=\"4\" ><div class=\"textwidget\"><p class=\"western\" style=\"text-align: center;\" align=\"left\"><span style=\"color: #ff6600;\"><\/span><\/p>\n<h4 class=\"western\" style=\"text-align: center;\" align=\"left\"><span style=\"color: #ff6600;\">\u00bfC\u00f3mo trabaja la kinesiolog\u00eda?<\/span><\/h4>\n<p class=\"western\" style=\"text-align: center;\" align=\"left\"><span style=\"color: #003366;\">La herramienta de trabajo de la kinesiolog\u00eda es el test de musculatura manual. Cualquier clase de estr\u00e9s (un pensamiento, una emoci\u00f3n, una sustancia etc.) revierte directamente en el cuerpo y de esa manera tambi\u00e9n en la musculatura. El pensamiento base del test de musculatura es que cada m\u00fasculo reacciona en situaci\u00f3n de estr\u00e9s con una breve tensi\u00f3n y relajaci\u00f3n. Esa reacci\u00f3n corta del m\u00fasculo es dirigida por el sistema nervioso aut\u00f3nomo vegetativo y no puede ser controlado o manipulado en un primer momento por la mente. De ese modo el test de musculatura es el instrumento de medici\u00f3n del cuerpo que indica trastornos llamativos en el \u00e1mbito f\u00edsico, mental y ps\u00edquico y \u2013 a la vez \u2013 da posibilidades de cambio.<\/span><\/p>\n<h4 class=\"western\" style=\"text-align: center;\" align=\"left\"><span style=\"color: #ff6600;\">\"El cuerpo da la contesta \u2013 si se le pregunta adecuadamente\"<\/span><\/h4>\n<p class=\"western\" style=\"text-align: center;\" align=\"left\"><span style=\"color: #003366;\">Utilizamos el anillo \u201cO\u201d bi-digital seg\u00fan el Dr. Omura que se realiza con el pulgar y dem\u00e1s dedos.<\/span><br \/>\n<span style=\"color: #003366;\">A trav\u00e9s del instrumento de la kinesiolog\u00eda estamos capaces de hacernos una imagen del cuerpo completo en todos sus aspectos en una anamnesis grande. De esa manera vemos que terapias, limpiezas o cambios est\u00e1n aconsejables para usted.<\/span><\/p>\n<p><span style=\"color: #003366;\">Trabajamos estrechamente con m\u00e9dicos y curanderos locales.<\/span><\/p>\n<p><strong style=\"color: #000080; text-align: center;\"><span style=\"font-size: medium;\">\u00a0<\/span><\/strong><\/p>\n<\/div><\/div><\/div><\/div><\/div><div id=\"pg-44-3\"  class=\"panel-grid panel-has-style\" ><div style=\"padding: 0px 0; \" class=\"panel-row-style panel-row-style-for-44-3\" ><div id=\"pgc-44-3-0\"  class=\"panel-grid-cell\" ><div id=\"panel-44-3-0-0\" class=\"so-panel widget widget_black-studio-tinymce widget_black_studio_tinymce panel-first-child\" data-index=\"5\" ><h3 class=\"widget-title\">m\u00e1s servicios<\/h3><div class=\"textwidget\"><\/div><\/div><div id=\"panel-44-3-0-1\" class=\"so-panel widget widget_sow-post-carousel panel-last-child\" data-index=\"6\" ><div class=\"content-headline panel-widget-style panel-widget-style-for-44-3-0-1\" ><div\n\t\t\t\n\t\t\tclass=\"so-widget-sow-post-carousel so-widget-sow-post-carousel-base-6a2bf467bf23-44\"\n\t\t\t\n\t\t>\t<div\n\t\tclass=\"sow-post-carousel-wrapper sow-post-carousel-theme-base\"\n\t\tstyle=\"overflow: hidden; max-width: 100%; min-height: 182px\"\n\t>\n\t\t<div class=\"sow-carousel-title\">\n\t\t\t<div class=\"sow-carousel-navigation \">\n\t\t\t\t\t\t<a href=\"#\" class=\"sow-carousel-next\" title=\"Siguiente\" aria-label=\"Entradas siguientes\" role=\"button\"><\/a>\n\t\t\t\t\t\t<a href=\"#\" class=\"sow-carousel-previous\" title=\"Anterior\" aria-label=\"Entradas anteriores\" role=\"button\"><\/a>\n\t\t\t\t\t<\/div>\n\t<\/div>\n\n<div class=\"sow-carousel-container \">\n\t\t<div class=\"sow-carousel-wrapper\"\n\t\tdata-dir=\"ltr\"\n\t\tstyle=\"opacity: 0;\"\n\t\tdata-widget=\"post\" data-fetching=\"false\" data-page=\"1\" data-ajax-url=\"https:\/\/centrolavidasana.com\/wp-admin\/admin-ajax.php?_widgets_nonce=17d59f4482\" data-item_count=\"14\" data-carousel_settings=\"{&quot;loop&quot;:true,&quot;animation&quot;:&quot;ease&quot;,&quot;animation_speed&quot;:400,&quot;autoplay&quot;:&quot;&quot;,&quot;pauseOnHover&quot;:&quot;&quot;,&quot;autoplaySpeed&quot;:8000,&quot;item_overflow&quot;:true,&quot;autoplay_continuous_scroll&quot;:false}\" data-responsive=\"{&quot;desktop_slides_to_scroll&quot;:3,&quot;tablet_landscape_breakpoint&quot;:1366,&quot;tablet_landscape_slides_to_scroll&quot;:2,&quot;tablet_portrait_breakpoint&quot;:1025,&quot;tablet_portrait_slides_to_scroll&quot;:2,&quot;mobile_breakpoint&quot;:480,&quot;mobile_slides_to_scroll&quot;:1}\" data-variable_width=\"true\" \t>\n\t\t<div\n\t\t\tclass=\"sow-carousel-items\"\n\t\t\t\t\t>\n\t\t\t\t<div class=\"sow-carousel-item\" tabindex=\"-1\" style=\"float: left;\">\n\t\t<div class=\"sow-carousel-thumbnail\">\n\t\t\t\t\t\t\t<a\n\t\t\t\t\thref=\"https:\/\/centrolavidasana.com\/es\/leistungen\/physiotherapie\/\"\n\t\t\t\t\t\t\t\t\t\tstyle=\"background-image: url( https:\/\/centrolavidasana.com\/wp-content\/uploads\/2015\/08\/physio-gross-272x182.jpg )\"\n\t\t\t\t\taria-labelledby=\"sow-carousel-id-63\"\n\t\t\t\t\ttabindex=\"-1\"\n\t\t\t\t>\n\t\t\t\t\t<span class=\"overlay\"><\/span>\n\t\t\t\t<\/a>\n\t\t\t\t\t<\/div>\n\t\t<h3 class=\"sow-carousel-item-title\">\n\t\t\t<a\n\t\t\t\thref=\"https:\/\/centrolavidasana.com\/es\/leistungen\/physiotherapie\/\"\n\t\t\t\tid=\"sow-carousel-id-63\"\n\t\t\t\t\t\t\t\ttabindex=\"-1\"\n\t\t\t>\n\n\t\t\t\tFisioterapia &#038; Masaje\t\t\t<\/a>\n\t\t<\/h3>\n\t<\/div>\n\t\t<div class=\"sow-carousel-item\" tabindex=\"-1\" style=\"float: left;\">\n\t\t<div class=\"sow-carousel-thumbnail\">\n\t\t\t\t\t\t\t<a\n\t\t\t\t\thref=\"https:\/\/centrolavidasana.com\/es\/naturheilkunde\/\"\n\t\t\t\t\t\t\t\t\t\tstyle=\"background-image: url( https:\/\/centrolavidasana.com\/wp-content\/uploads\/2020\/08\/banner-4310778_1920-272x182.jpg )\"\n\t\t\t\t\taria-labelledby=\"sow-carousel-id-1908\"\n\t\t\t\t\ttabindex=\"-1\"\n\t\t\t\t>\n\t\t\t\t\t<span class=\"overlay\"><\/span>\n\t\t\t\t<\/a>\n\t\t\t\t\t<\/div>\n\t\t<h3 class=\"sow-carousel-item-title\">\n\t\t\t<a\n\t\t\t\thref=\"https:\/\/centrolavidasana.com\/es\/naturheilkunde\/\"\n\t\t\t\tid=\"sow-carousel-id-1908\"\n\t\t\t\t\t\t\t\ttabindex=\"-1\"\n\t\t\t>\n\n\t\t\t\tNaturopatia\t\t\t<\/a>\n\t\t<\/h3>\n\t<\/div>\n\t\t<div class=\"sow-carousel-item\" tabindex=\"-1\" style=\"float: left;\">\n\t\t<div class=\"sow-carousel-thumbnail\">\n\t\t\t\t\t\t\t<a\n\t\t\t\t\thref=\"https:\/\/centrolavidasana.com\/es\/leistungen\/hydro-colon-therapie\/\"\n\t\t\t\t\t\t\t\t\t\tstyle=\"background-image: url( https:\/\/centrolavidasana.com\/wp-content\/uploads\/2015\/08\/Hydro-Colon-Therapie1-272x182.jpg )\"\n\t\t\t\t\taria-labelledby=\"sow-carousel-id-47\"\n\t\t\t\t\ttabindex=\"-1\"\n\t\t\t\t>\n\t\t\t\t\t<span class=\"overlay\"><\/span>\n\t\t\t\t<\/a>\n\t\t\t\t\t<\/div>\n\t\t<h3 class=\"sow-carousel-item-title\">\n\t\t\t<a\n\t\t\t\thref=\"https:\/\/centrolavidasana.com\/es\/leistungen\/hydro-colon-therapie\/\"\n\t\t\t\tid=\"sow-carousel-id-47\"\n\t\t\t\t\t\t\t\ttabindex=\"-1\"\n\t\t\t>\n\n\t\t\t\tLimpieza de Colon\t\t\t<\/a>\n\t\t<\/h3>\n\t<\/div>\n\t\t<div class=\"sow-carousel-item\" tabindex=\"-1\" style=\"float: left;\">\n\t\t<div class=\"sow-carousel-thumbnail\">\n\t\t\t\t\t\t\t<a\n\t\t\t\t\thref=\"https:\/\/centrolavidasana.com\/es\/leistungen\/koerperreinigungen\/\"\n\t\t\t\t\t\t\t\t\t\tstyle=\"background-image: url( https:\/\/centrolavidasana.com\/wp-content\/uploads\/2015\/08\/Koerperreinigung-gross2-272x182.jpg )\"\n\t\t\t\t\taria-labelledby=\"sow-carousel-id-53\"\n\t\t\t\t\ttabindex=\"-1\"\n\t\t\t\t>\n\t\t\t\t\t<span class=\"overlay\"><\/span>\n\t\t\t\t<\/a>\n\t\t\t\t\t<\/div>\n\t\t<h3 class=\"sow-carousel-item-title\">\n\t\t\t<a\n\t\t\t\thref=\"https:\/\/centrolavidasana.com\/es\/leistungen\/koerperreinigungen\/\"\n\t\t\t\tid=\"sow-carousel-id-53\"\n\t\t\t\t\t\t\t\ttabindex=\"-1\"\n\t\t\t>\n\n\t\t\t\tLimpiezas corporales\t\t\t<\/a>\n\t\t<\/h3>\n\t<\/div>\n\t\t<div class=\"sow-carousel-item\" tabindex=\"-1\" style=\"float: left;\">\n\t\t<div class=\"sow-carousel-thumbnail\">\n\t\t\t\t\t\t\t<a\n\t\t\t\t\thref=\"https:\/\/centrolavidasana.com\/es\/leistungen\/gesundheitsberatung\/\"\n\t\t\t\t\t\t\t\t\t\tstyle=\"background-image: url( https:\/\/centrolavidasana.com\/wp-content\/uploads\/2015\/08\/Gesundheitsberatung-272x182.jpg )\"\n\t\t\t\t\taria-labelledby=\"sow-carousel-id-51\"\n\t\t\t\t\ttabindex=\"-1\"\n\t\t\t\t>\n\t\t\t\t\t<span class=\"overlay\"><\/span>\n\t\t\t\t<\/a>\n\t\t\t\t\t<\/div>\n\t\t<h3 class=\"sow-carousel-item-title\">\n\t\t\t<a\n\t\t\t\thref=\"https:\/\/centrolavidasana.com\/es\/leistungen\/gesundheitsberatung\/\"\n\t\t\t\tid=\"sow-carousel-id-51\"\n\t\t\t\t\t\t\t\ttabindex=\"-1\"\n\t\t\t>\n\n\t\t\t\tAsesoramiento sanitaria\t\t\t<\/a>\n\t\t<\/h3>\n\t<\/div>\n\t\t<div class=\"sow-carousel-item\" tabindex=\"-1\" style=\"float: left;\">\n\t\t<div class=\"sow-carousel-thumbnail\">\n\t\t\t\t\t\t\t<a\n\t\t\t\t\thref=\"https:\/\/centrolavidasana.com\/es\/leistungen\/ernaehrung\/\"\n\t\t\t\t\t\t\t\t\t\tstyle=\"background-image: url( https:\/\/centrolavidasana.com\/wp-content\/uploads\/2015\/08\/Ernaehrung-272x182.jpg )\"\n\t\t\t\t\taria-labelledby=\"sow-carousel-id-49\"\n\t\t\t\t\ttabindex=\"-1\"\n\t\t\t\t>\n\t\t\t\t\t<span class=\"overlay\"><\/span>\n\t\t\t\t<\/a>\n\t\t\t\t\t<\/div>\n\t\t<h3 class=\"sow-carousel-item-title\">\n\t\t\t<a\n\t\t\t\thref=\"https:\/\/centrolavidasana.com\/es\/leistungen\/ernaehrung\/\"\n\t\t\t\tid=\"sow-carousel-id-49\"\n\t\t\t\t\t\t\t\ttabindex=\"-1\"\n\t\t\t>\n\n\t\t\t\tNutrici\u00f3n\t\t\t<\/a>\n\t\t<\/h3>\n\t<\/div>\n\t\t<div class=\"sow-carousel-item\" tabindex=\"-1\" style=\"float: left;\">\n\t\t<div class=\"sow-carousel-thumbnail\">\n\t\t\t\t\t\t\t<a\n\t\t\t\t\thref=\"https:\/\/centrolavidasana.com\/es\/leistungen\/psychobionik\/\"\n\t\t\t\t\t\t\t\t\t\tstyle=\"background-image: url( https:\/\/centrolavidasana.com\/wp-content\/uploads\/2018\/08\/Preise-neu-272x182.jpg )\"\n\t\t\t\t\taria-labelledby=\"sow-carousel-id-1702\"\n\t\t\t\t\ttabindex=\"-1\"\n\t\t\t\t>\n\t\t\t\t\t<span class=\"overlay\"><\/span>\n\t\t\t\t<\/a>\n\t\t\t\t\t<\/div>\n\t\t<h3 class=\"sow-carousel-item-title\">\n\t\t\t<a\n\t\t\t\thref=\"https:\/\/centrolavidasana.com\/es\/leistungen\/psychobionik\/\"\n\t\t\t\tid=\"sow-carousel-id-1702\"\n\t\t\t\t\t\t\t\ttabindex=\"-1\"\n\t\t\t>\n\n\t\t\t\tPsychobionik-Innenweltsurfen\u00ae\t\t\t<\/a>\n\t\t<\/h3>\n\t<\/div>\n\t\t<div class=\"sow-carousel-item\" tabindex=\"-1\" style=\"float: left;\">\n\t\t<div class=\"sow-carousel-thumbnail\">\n\t\t\t\t\t\t\t<a\n\t\t\t\t\thref=\"https:\/\/centrolavidasana.com\/es\/immunsystem-und-covid-19\/\"\n\t\t\t\t\t\t\t\t\t\tstyle=\"background-image: url( https:\/\/centrolavidasana.com\/wp-content\/uploads\/2020\/08\/bees-4817211_1920-272x182.jpg )\"\n\t\t\t\t\taria-labelledby=\"sow-carousel-id-1883\"\n\t\t\t\t\ttabindex=\"-1\"\n\t\t\t\t>\n\t\t\t\t\t<span class=\"overlay\"><\/span>\n\t\t\t\t<\/a>\n\t\t\t\t\t<\/div>\n\t\t<h3 class=\"sow-carousel-item-title\">\n\t\t\t<a\n\t\t\t\thref=\"https:\/\/centrolavidasana.com\/es\/immunsystem-und-covid-19\/\"\n\t\t\t\tid=\"sow-carousel-id-1883\"\n\t\t\t\t\t\t\t\ttabindex=\"-1\"\n\t\t\t>\n\n\t\t\t\tSistema inmune &#8211; Covid &#038; Co\t\t\t<\/a>\n\t\t<\/h3>\n\t<\/div>\n\t\t<div class=\"sow-carousel-item\" tabindex=\"-1\" style=\"float: left;\">\n\t\t<div class=\"sow-carousel-thumbnail\">\n\t\t\t\t\t\t\t<a\n\t\t\t\t\thref=\"https:\/\/centrolavidasana.com\/es\/leistungen\/neuraltherapie\/\"\n\t\t\t\t\t\t\t\t\t\tstyle=\"background-image: url( https:\/\/centrolavidasana.com\/wp-content\/uploads\/2025\/01\/neuraltherapie-4-272x182.png )\"\n\t\t\t\t\taria-labelledby=\"sow-carousel-id-13512\"\n\t\t\t\t\ttabindex=\"-1\"\n\t\t\t\t>\n\t\t\t\t\t<span class=\"overlay\"><\/span>\n\t\t\t\t<\/a>\n\t\t\t\t\t<\/div>\n\t\t<h3 class=\"sow-carousel-item-title\">\n\t\t\t<a\n\t\t\t\thref=\"https:\/\/centrolavidasana.com\/es\/leistungen\/neuraltherapie\/\"\n\t\t\t\tid=\"sow-carousel-id-13512\"\n\t\t\t\t\t\t\t\ttabindex=\"-1\"\n\t\t\t>\n\n\t\t\t\tTerapia neural\t\t\t<\/a>\n\t\t<\/h3>\n\t<\/div>\n\t\t\t<\/div>\n\t\t\t<\/div>\n\n\t<\/div>\n\t\t<input type=\"hidden\" name=\"instance_hash\" value=\"c9460639\"\/>\n\t<\/div>\n<\/div><\/div><\/div><\/div><\/div><\/div><\/div>","protected":false},"excerpt":{"rendered":"<p>\u00bfQu\u00e9 es Kinesiolog\u00eda? \u2026 es la ciencia del movimiento del humano en el sentido m\u00e1s amplio de la palabra. El concepto se compone de las palabras griegas \u201ck\u00ednesis\u201d (movimiento) y \u201clog\u00eda\u201d (ciencia). Su descubrimiento se remonta a las experiencias y exploraciones del quiropr\u00e1ctico americano Dr. George Goodheart. \u00a0 La ventaja principal de la Kinesiolog\u00eda consiste [&hellip;]<\/p>\n","protected":false},"author":2,"featured_media":1117,"parent":41,"menu_order":0,"comment_status":"closed","ping_status":"closed","template":"page-templates\/page_fullwidth.php","meta":{"footnotes":""},"class_list":["post-44","page","type-page","status-publish","has-post-thumbnail","hentry"],"_links":{"self":[{"href":"https:\/\/centrolavidasana.com\/es\/wp-json\/wp\/v2\/pages\/44","targetHints":{"allow":["GET"]}}],"collection":[{"href":"https:\/\/centrolavidasana.com\/es\/wp-json\/wp\/v2\/pages"}],"about":[{"href":"https:\/\/centrolavidasana.com\/es\/wp-json\/wp\/v2\/types\/page"}],"author":[{"embeddable":true,"href":"https:\/\/centrolavidasana.com\/es\/wp-json\/wp\/v2\/users\/2"}],"replies":[{"embeddable":true,"href":"https:\/\/centrolavidasana.com\/es\/wp-json\/wp\/v2\/comments?post=44"}],"version-history":[{"count":64,"href":"https:\/\/centrolavidasana.com\/es\/wp-json\/wp\/v2\/pages\/44\/revisions"}],"predecessor-version":[{"id":13552,"href":"https:\/\/centrolavidasana.com\/es\/wp-json\/wp\/v2\/pages\/44\/revisions\/13552"}],"up":[{"embeddable":true,"href":"https:\/\/centrolavidasana.com\/es\/wp-json\/wp\/v2\/pages\/41"}],"wp:featuredmedia":[{"embeddable":true,"href":"https:\/\/centrolavidasana.com\/es\/wp-json\/wp\/v2\/media\/1117"}],"wp:attachment":[{"href":"https:\/\/centrolavidasana.com\/es\/wp-json\/wp\/v2\/media?parent=44"}],"curies":[{"name":"wp","href":"https:\/\/api.w.org\/{rel}","templated":true}]}}