{"id":49,"date":"2015-08-04T12:37:19","date_gmt":"2015-08-04T12:37:19","guid":{"rendered":"http:\/\/lavidasana.ibp-dresden.de\/?page_id=49"},"modified":"2025-01-04T19:49:12","modified_gmt":"2025-01-04T19:49:12","slug":"ernaehrung","status":"publish","type":"page","link":"https:\/\/centrolavidasana.com\/es\/leistungen\/ernaehrung\/","title":{"rendered":"Nutrici\u00f3n"},"content":{"rendered":"<div id=\"pl-49\"  class=\"panel-layout\" ><div id=\"pg-49-0\"  class=\"panel-grid panel-has-style\" ><div style=\"padding: 0px 0; \" class=\"panel-row-style panel-row-style-for-49-0\" ><div id=\"pgc-49-0-0\"  class=\"panel-grid-cell\" ><div id=\"panel-49-0-0-0\" class=\"so-panel widget widget_black-studio-tinymce widget_black_studio_tinymce panel-first-child panel-last-child\" data-index=\"0\" ><div class=\"content-headline panel-widget-style panel-widget-style-for-49-0-0-0\" ><h3 class=\"widget-title\">Nutrici\u00f3n<\/h3><div class=\"textwidget\"><\/div><\/div><\/div><\/div><\/div><\/div><div id=\"pg-49-1\"  class=\"panel-grid panel-has-style\" ><div style=\"padding: 0px 0; \" class=\"panel-row-style panel-row-style-for-49-1\" ><div id=\"pgc-49-1-0\"  class=\"panel-grid-cell\" ><div id=\"panel-49-1-0-0\" class=\"so-panel widget widget_black-studio-tinymce widget_black_studio_tinymce panel-first-child panel-last-child\" data-index=\"1\" ><div class=\"panel-widget-style panel-widget-style-for-49-1-0-0\" ><div class=\"textwidget\"><p class=\"western\"><span style=\"font-size: medium; color: #003366;\"><\/span><\/p>\n<p class=\"western\"><span style=\"color: #003366;\">En los tiempos de producci\u00f3n en masa, productos acabados, suelos y lluvias \u00e1cidos, pesticidas, metales, toxinas, estr\u00e9s y el deseo de tener todas clases de comidas frescas durante cualquier \u00e9poca del a\u00f1o es indispensable hacer cambiar el modo de pensar en nuestras cabezas. <\/span><\/p>\n<p class=\"western\">\n<span style=\"color: #003366;\">La tendencia de los \u00faltimos a\u00f1os muestra, que por una parte la codicia \u2013 y con eso la explotaci\u00f3n de todos recursos \u2013 es m\u00e1s extrema, y por otra parte cada vez m\u00e1s personas en todo el mundo se despiertan y se dan cuenta que importante es una nutrici\u00f3n equilibrada, saludable y de alta calidad para una vida saludable.<\/span><\/p>\n&nbsp;<\/div><\/div><\/div><\/div><div id=\"pgc-49-1-1\"  class=\"panel-grid-cell\" ><div id=\"panel-49-1-1-0\" class=\"so-panel widget widget_black-studio-tinymce widget_black_studio_tinymce panel-first-child panel-last-child\" data-index=\"2\" ><div class=\"textwidget\"><p><a href=\"https:\/\/centrolavidasana.com\/wp-content\/uploads\/2015\/08\/Ernaehrung-klein1-e1445000688592.jpg\"><img loading=\"lazy\" decoding=\"async\" class=\"box-shadow aligncenter wp-image-411 size-full\" src=\"https:\/\/centrolavidasana.com\/wp-content\/uploads\/2015\/08\/Ernaehrung-klein1-e1445000688592.jpg\" alt=\"This year I resolve myself to ignore my arch nemesis in culinary choices and pay much more attention to that angelic voice helping me dine sensibly.\" width=\"400\" height=\"273\" \/><\/a><\/p>\n<\/div><\/div><\/div><\/div><\/div><div id=\"pg-49-2\"  class=\"panel-grid panel-has-style\" ><div style=\"padding: 0px 0; \" class=\"panel-row-style panel-row-style-for-49-2\" ><div id=\"pgc-49-2-0\"  class=\"panel-grid-cell\" ><div id=\"panel-49-2-0-0\" class=\"so-panel widget widget_black-studio-tinymce widget_black_studio_tinymce panel-first-child panel-last-child\" data-index=\"3\" ><div class=\"panel-widget-style panel-widget-style-for-49-2-0-0\" ><div class=\"textwidget\"><a href=\"https:\/\/centrolavidasana.com\/wp-content\/uploads\/2015\/08\/ERnaehrung-02-e1449141206437.jpg\"><img loading=\"lazy\" decoding=\"async\" class=\"box-shadow aligncenter wp-image-1066 size-full\" src=\"https:\/\/centrolavidasana.com\/wp-content\/uploads\/2015\/08\/ERnaehrung-02-e1449141206437.jpg\" alt=\"Green vegetable and herbs smoothie with heart of poppy and sesame seeds. Love for a healthy raw food concept.\" width=\"400\" height=\"267\" \/><\/a><\/div><\/div><\/div><\/div><div id=\"pgc-49-2-1\"  class=\"panel-grid-cell\" ><div id=\"panel-49-2-1-0\" class=\"so-panel widget widget_black-studio-tinymce widget_black_studio_tinymce panel-first-child panel-last-child\" data-index=\"4\" ><div class=\"textwidget\"><p class=\"western\"><span style=\"font-size: medium; color: #003366;\"><\/span><\/p>\n<p class=\"western\"><span style=\"color: #003366;\">Queremos mostrarle de manera concreta como puede ser una nutrici\u00f3n saludable y tambi\u00e9n explicar lo que tiene que ver la llamada \u201cnutrici\u00f3n insana\u201d con la acidificaci\u00f3n excesiva y la creaci\u00f3n de los radicales libres y como esto se realiza. <\/span><\/p>\n<p class=\"western\">\n<span style=\"color: #003366;\">A trav\u00e9s de ello esperamos de amplificar sus conocimientos para que nosotros mismos y el mundo podemos ser m\u00e1s ilesos.<\/span><\/p>\n<\/div><\/div><\/div><\/div><\/div><div id=\"pg-49-3\"  class=\"panel-grid panel-has-style\" ><div style=\"padding: 100px 0; \" class=\"panel-row-style panel-row-style-for-49-3\" ><div id=\"pgc-49-3-0\"  class=\"panel-grid-cell\" ><div id=\"panel-49-3-0-0\" class=\"so-panel widget widget_black-studio-tinymce widget_black_studio_tinymce panel-first-child panel-last-child\" data-index=\"5\" ><div class=\"textwidget\"><p style=\"text-align: center;\"><span style=\"color: #003366;\"><\/span><\/p>\n\n<h4 style=\"text-align: center;\"><span style=\"color: #ff6600;\">Tambi\u00e9n estaremos encantados de asesorarle online sobre preguntas sobre una dieta sana y viva.<\/span><\/h4>\n<p style=\"text-align: center;\"><span style=\"color: #003366;\">Solo p\u00f3ngase en contacto para que podamos concertar una cita a su medida.<\/span><\/p>\n<p style=\"text-align: center;\"><span style=\"color: #003366;\"><\/span><\/p><\/div><\/div><\/div><\/div><\/div><div id=\"pg-49-4\"  class=\"panel-grid panel-has-style\" ><div style=\"padding: 0px 0; \" class=\"panel-row-style panel-row-style-for-49-4\" ><div id=\"pgc-49-4-0\"  class=\"panel-grid-cell\" ><div id=\"panel-49-4-0-0\" class=\"so-panel widget widget_black-studio-tinymce widget_black_studio_tinymce panel-first-child\" data-index=\"6\" ><h3 class=\"widget-title\">m\u00e1s servicios<\/h3><div class=\"textwidget\"><\/div><\/div><div id=\"panel-49-4-0-1\" class=\"so-panel widget widget_sow-post-carousel panel-last-child\" data-index=\"7\" ><div class=\"content-headline panel-widget-style panel-widget-style-for-49-4-0-1\" ><div\n\t\t\t\n\t\t\tclass=\"so-widget-sow-post-carousel so-widget-sow-post-carousel-base-6a2bf467bf23-49\"\n\t\t\t\n\t\t>\t<div\n\t\tclass=\"sow-post-carousel-wrapper sow-post-carousel-theme-base\"\n\t\tstyle=\"overflow: hidden; max-width: 100%; min-height: 182px\"\n\t>\n\t\t<div class=\"sow-carousel-title\">\n\t\t\t<div class=\"sow-carousel-navigation \">\n\t\t\t\t\t\t<a href=\"#\" class=\"sow-carousel-next\" title=\"Siguiente\" aria-label=\"Entradas siguientes\" role=\"button\"><\/a>\n\t\t\t\t\t\t<a href=\"#\" class=\"sow-carousel-previous\" title=\"Anterior\" aria-label=\"Entradas anteriores\" role=\"button\"><\/a>\n\t\t\t\t\t<\/div>\n\t<\/div>\n\n<div class=\"sow-carousel-container \">\n\t\t<div class=\"sow-carousel-wrapper\"\n\t\tdata-dir=\"ltr\"\n\t\tstyle=\"opacity: 0;\"\n\t\tdata-widget=\"post\" data-fetching=\"false\" data-page=\"1\" data-ajax-url=\"https:\/\/centrolavidasana.com\/wp-admin\/admin-ajax.php?_widgets_nonce=0adbab1f63\" data-item_count=\"14\" data-carousel_settings=\"{&quot;loop&quot;:true,&quot;animation&quot;:&quot;ease&quot;,&quot;animation_speed&quot;:400,&quot;autoplay&quot;:&quot;&quot;,&quot;pauseOnHover&quot;:&quot;&quot;,&quot;autoplaySpeed&quot;:8000,&quot;item_overflow&quot;:true,&quot;autoplay_continuous_scroll&quot;:false}\" data-responsive=\"{&quot;desktop_slides_to_scroll&quot;:3,&quot;tablet_landscape_breakpoint&quot;:1366,&quot;tablet_landscape_slides_to_scroll&quot;:2,&quot;tablet_portrait_breakpoint&quot;:1025,&quot;tablet_portrait_slides_to_scroll&quot;:2,&quot;mobile_breakpoint&quot;:480,&quot;mobile_slides_to_scroll&quot;:1}\" data-variable_width=\"true\" \t>\n\t\t<div\n\t\t\tclass=\"sow-carousel-items\"\n\t\t\t\t\t>\n\t\t\t\t<div class=\"sow-carousel-item\" tabindex=\"-1\" style=\"float: left;\">\n\t\t<div class=\"sow-carousel-thumbnail\">\n\t\t\t\t\t\t\t<a\n\t\t\t\t\thref=\"https:\/\/centrolavidasana.com\/es\/leistungen\/physiotherapie\/\"\n\t\t\t\t\t\t\t\t\t\tstyle=\"background-image: url( https:\/\/centrolavidasana.com\/wp-content\/uploads\/2015\/08\/physio-gross-272x182.jpg )\"\n\t\t\t\t\taria-labelledby=\"sow-carousel-id-63\"\n\t\t\t\t\ttabindex=\"-1\"\n\t\t\t\t>\n\t\t\t\t\t<span class=\"overlay\"><\/span>\n\t\t\t\t<\/a>\n\t\t\t\t\t<\/div>\n\t\t<h3 class=\"sow-carousel-item-title\">\n\t\t\t<a\n\t\t\t\thref=\"https:\/\/centrolavidasana.com\/es\/leistungen\/physiotherapie\/\"\n\t\t\t\tid=\"sow-carousel-id-63\"\n\t\t\t\t\t\t\t\ttabindex=\"-1\"\n\t\t\t>\n\n\t\t\t\tFisioterapia &#038; Masaje\t\t\t<\/a>\n\t\t<\/h3>\n\t<\/div>\n\t\t<div class=\"sow-carousel-item\" tabindex=\"-1\" style=\"float: left;\">\n\t\t<div class=\"sow-carousel-thumbnail\">\n\t\t\t\t\t\t\t<a\n\t\t\t\t\thref=\"https:\/\/centrolavidasana.com\/es\/naturheilkunde\/\"\n\t\t\t\t\t\t\t\t\t\tstyle=\"background-image: url( https:\/\/centrolavidasana.com\/wp-content\/uploads\/2020\/08\/banner-4310778_1920-272x182.jpg )\"\n\t\t\t\t\taria-labelledby=\"sow-carousel-id-1908\"\n\t\t\t\t\ttabindex=\"-1\"\n\t\t\t\t>\n\t\t\t\t\t<span class=\"overlay\"><\/span>\n\t\t\t\t<\/a>\n\t\t\t\t\t<\/div>\n\t\t<h3 class=\"sow-carousel-item-title\">\n\t\t\t<a\n\t\t\t\thref=\"https:\/\/centrolavidasana.com\/es\/naturheilkunde\/\"\n\t\t\t\tid=\"sow-carousel-id-1908\"\n\t\t\t\t\t\t\t\ttabindex=\"-1\"\n\t\t\t>\n\n\t\t\t\tNaturopatia\t\t\t<\/a>\n\t\t<\/h3>\n\t<\/div>\n\t\t<div class=\"sow-carousel-item\" tabindex=\"-1\" style=\"float: left;\">\n\t\t<div class=\"sow-carousel-thumbnail\">\n\t\t\t\t\t\t\t<a\n\t\t\t\t\thref=\"https:\/\/centrolavidasana.com\/es\/leistungen\/kinesiologie\/\"\n\t\t\t\t\t\t\t\t\t\tstyle=\"background-image: url( https:\/\/centrolavidasana.com\/wp-content\/uploads\/2015\/08\/Kinesiologie1-272x182.jpg )\"\n\t\t\t\t\taria-labelledby=\"sow-carousel-id-44\"\n\t\t\t\t\ttabindex=\"-1\"\n\t\t\t\t>\n\t\t\t\t\t<span class=\"overlay\"><\/span>\n\t\t\t\t<\/a>\n\t\t\t\t\t<\/div>\n\t\t<h3 class=\"sow-carousel-item-title\">\n\t\t\t<a\n\t\t\t\thref=\"https:\/\/centrolavidasana.com\/es\/leistungen\/kinesiologie\/\"\n\t\t\t\tid=\"sow-carousel-id-44\"\n\t\t\t\t\t\t\t\ttabindex=\"-1\"\n\t\t\t>\n\n\t\t\t\tKinesiolog\u00eda\t\t\t<\/a>\n\t\t<\/h3>\n\t<\/div>\n\t\t<div class=\"sow-carousel-item\" tabindex=\"-1\" style=\"float: left;\">\n\t\t<div class=\"sow-carousel-thumbnail\">\n\t\t\t\t\t\t\t<a\n\t\t\t\t\thref=\"https:\/\/centrolavidasana.com\/es\/leistungen\/hydro-colon-therapie\/\"\n\t\t\t\t\t\t\t\t\t\tstyle=\"background-image: url( https:\/\/centrolavidasana.com\/wp-content\/uploads\/2015\/08\/Hydro-Colon-Therapie1-272x182.jpg )\"\n\t\t\t\t\taria-labelledby=\"sow-carousel-id-47\"\n\t\t\t\t\ttabindex=\"-1\"\n\t\t\t\t>\n\t\t\t\t\t<span class=\"overlay\"><\/span>\n\t\t\t\t<\/a>\n\t\t\t\t\t<\/div>\n\t\t<h3 class=\"sow-carousel-item-title\">\n\t\t\t<a\n\t\t\t\thref=\"https:\/\/centrolavidasana.com\/es\/leistungen\/hydro-colon-therapie\/\"\n\t\t\t\tid=\"sow-carousel-id-47\"\n\t\t\t\t\t\t\t\ttabindex=\"-1\"\n\t\t\t>\n\n\t\t\t\tLimpieza de Colon\t\t\t<\/a>\n\t\t<\/h3>\n\t<\/div>\n\t\t<div class=\"sow-carousel-item\" tabindex=\"-1\" style=\"float: left;\">\n\t\t<div class=\"sow-carousel-thumbnail\">\n\t\t\t\t\t\t\t<a\n\t\t\t\t\thref=\"https:\/\/centrolavidasana.com\/es\/leistungen\/koerperreinigungen\/\"\n\t\t\t\t\t\t\t\t\t\tstyle=\"background-image: url( https:\/\/centrolavidasana.com\/wp-content\/uploads\/2015\/08\/Koerperreinigung-gross2-272x182.jpg )\"\n\t\t\t\t\taria-labelledby=\"sow-carousel-id-53\"\n\t\t\t\t\ttabindex=\"-1\"\n\t\t\t\t>\n\t\t\t\t\t<span class=\"overlay\"><\/span>\n\t\t\t\t<\/a>\n\t\t\t\t\t<\/div>\n\t\t<h3 class=\"sow-carousel-item-title\">\n\t\t\t<a\n\t\t\t\thref=\"https:\/\/centrolavidasana.com\/es\/leistungen\/koerperreinigungen\/\"\n\t\t\t\tid=\"sow-carousel-id-53\"\n\t\t\t\t\t\t\t\ttabindex=\"-1\"\n\t\t\t>\n\n\t\t\t\tLimpiezas corporales\t\t\t<\/a>\n\t\t<\/h3>\n\t<\/div>\n\t\t<div class=\"sow-carousel-item\" tabindex=\"-1\" style=\"float: left;\">\n\t\t<div class=\"sow-carousel-thumbnail\">\n\t\t\t\t\t\t\t<a\n\t\t\t\t\thref=\"https:\/\/centrolavidasana.com\/es\/leistungen\/gesundheitsberatung\/\"\n\t\t\t\t\t\t\t\t\t\tstyle=\"background-image: url( https:\/\/centrolavidasana.com\/wp-content\/uploads\/2015\/08\/Gesundheitsberatung-272x182.jpg )\"\n\t\t\t\t\taria-labelledby=\"sow-carousel-id-51\"\n\t\t\t\t\ttabindex=\"-1\"\n\t\t\t\t>\n\t\t\t\t\t<span class=\"overlay\"><\/span>\n\t\t\t\t<\/a>\n\t\t\t\t\t<\/div>\n\t\t<h3 class=\"sow-carousel-item-title\">\n\t\t\t<a\n\t\t\t\thref=\"https:\/\/centrolavidasana.com\/es\/leistungen\/gesundheitsberatung\/\"\n\t\t\t\tid=\"sow-carousel-id-51\"\n\t\t\t\t\t\t\t\ttabindex=\"-1\"\n\t\t\t>\n\n\t\t\t\tAsesoramiento sanitaria\t\t\t<\/a>\n\t\t<\/h3>\n\t<\/div>\n\t\t<div class=\"sow-carousel-item\" tabindex=\"-1\" style=\"float: left;\">\n\t\t<div class=\"sow-carousel-thumbnail\">\n\t\t\t\t\t\t\t<a\n\t\t\t\t\thref=\"https:\/\/centrolavidasana.com\/es\/leistungen\/psychobionik\/\"\n\t\t\t\t\t\t\t\t\t\tstyle=\"background-image: url( https:\/\/centrolavidasana.com\/wp-content\/uploads\/2018\/08\/Preise-neu-272x182.jpg )\"\n\t\t\t\t\taria-labelledby=\"sow-carousel-id-1702\"\n\t\t\t\t\ttabindex=\"-1\"\n\t\t\t\t>\n\t\t\t\t\t<span class=\"overlay\"><\/span>\n\t\t\t\t<\/a>\n\t\t\t\t\t<\/div>\n\t\t<h3 class=\"sow-carousel-item-title\">\n\t\t\t<a\n\t\t\t\thref=\"https:\/\/centrolavidasana.com\/es\/leistungen\/psychobionik\/\"\n\t\t\t\tid=\"sow-carousel-id-1702\"\n\t\t\t\t\t\t\t\ttabindex=\"-1\"\n\t\t\t>\n\n\t\t\t\tPsychobionik-Innenweltsurfen\u00ae\t\t\t<\/a>\n\t\t<\/h3>\n\t<\/div>\n\t\t<div class=\"sow-carousel-item\" tabindex=\"-1\" style=\"float: left;\">\n\t\t<div class=\"sow-carousel-thumbnail\">\n\t\t\t\t\t\t\t<a\n\t\t\t\t\thref=\"https:\/\/centrolavidasana.com\/es\/immunsystem-und-covid-19\/\"\n\t\t\t\t\t\t\t\t\t\tstyle=\"background-image: url( https:\/\/centrolavidasana.com\/wp-content\/uploads\/2020\/08\/bees-4817211_1920-272x182.jpg )\"\n\t\t\t\t\taria-labelledby=\"sow-carousel-id-1883\"\n\t\t\t\t\ttabindex=\"-1\"\n\t\t\t\t>\n\t\t\t\t\t<span class=\"overlay\"><\/span>\n\t\t\t\t<\/a>\n\t\t\t\t\t<\/div>\n\t\t<h3 class=\"sow-carousel-item-title\">\n\t\t\t<a\n\t\t\t\thref=\"https:\/\/centrolavidasana.com\/es\/immunsystem-und-covid-19\/\"\n\t\t\t\tid=\"sow-carousel-id-1883\"\n\t\t\t\t\t\t\t\ttabindex=\"-1\"\n\t\t\t>\n\n\t\t\t\tSistema inmune &#8211; Covid &#038; Co\t\t\t<\/a>\n\t\t<\/h3>\n\t<\/div>\n\t\t<div class=\"sow-carousel-item\" tabindex=\"-1\" style=\"float: left;\">\n\t\t<div class=\"sow-carousel-thumbnail\">\n\t\t\t\t\t\t\t<a\n\t\t\t\t\thref=\"https:\/\/centrolavidasana.com\/es\/leistungen\/neuraltherapie\/\"\n\t\t\t\t\t\t\t\t\t\tstyle=\"background-image: url( https:\/\/centrolavidasana.com\/wp-content\/uploads\/2025\/01\/neuraltherapie-4-272x182.png )\"\n\t\t\t\t\taria-labelledby=\"sow-carousel-id-13512\"\n\t\t\t\t\ttabindex=\"-1\"\n\t\t\t\t>\n\t\t\t\t\t<span class=\"overlay\"><\/span>\n\t\t\t\t<\/a>\n\t\t\t\t\t<\/div>\n\t\t<h3 class=\"sow-carousel-item-title\">\n\t\t\t<a\n\t\t\t\thref=\"https:\/\/centrolavidasana.com\/es\/leistungen\/neuraltherapie\/\"\n\t\t\t\tid=\"sow-carousel-id-13512\"\n\t\t\t\t\t\t\t\ttabindex=\"-1\"\n\t\t\t>\n\n\t\t\t\tTerapia neural\t\t\t<\/a>\n\t\t<\/h3>\n\t<\/div>\n\t\t\t<\/div>\n\t\t\t<\/div>\n\n\t<\/div>\n\t\t<input type=\"hidden\" name=\"instance_hash\" value=\"ca3b1e4f\"\/>\n\t<\/div>\n<\/div><\/div><\/div><\/div><\/div><\/div><\/div>","protected":false},"excerpt":{"rendered":"<p>En los tiempos de producci\u00f3n en masa, productos acabados, suelos y lluvias \u00e1cidos, pesticidas, metales, toxinas, estr\u00e9s y el deseo de tener todas clases de comidas frescas durante cualquier \u00e9poca del a\u00f1o es indispensable hacer cambiar el modo de pensar en nuestras cabezas. La tendencia de los \u00faltimos a\u00f1os muestra, que por una parte la [&hellip;]<\/p>\n","protected":false},"author":2,"featured_media":1112,"parent":41,"menu_order":0,"comment_status":"closed","ping_status":"closed","template":"page-templates\/page_fullwidth.php","meta":{"footnotes":""},"class_list":["post-49","page","type-page","status-publish","has-post-thumbnail","hentry"],"_links":{"self":[{"href":"https:\/\/centrolavidasana.com\/es\/wp-json\/wp\/v2\/pages\/49","targetHints":{"allow":["GET"]}}],"collection":[{"href":"https:\/\/centrolavidasana.com\/es\/wp-json\/wp\/v2\/pages"}],"about":[{"href":"https:\/\/centrolavidasana.com\/es\/wp-json\/wp\/v2\/types\/page"}],"author":[{"embeddable":true,"href":"https:\/\/centrolavidasana.com\/es\/wp-json\/wp\/v2\/users\/2"}],"replies":[{"embeddable":true,"href":"https:\/\/centrolavidasana.com\/es\/wp-json\/wp\/v2\/comments?post=49"}],"version-history":[{"count":62,"href":"https:\/\/centrolavidasana.com\/es\/wp-json\/wp\/v2\/pages\/49\/revisions"}],"predecessor-version":[{"id":13550,"href":"https:\/\/centrolavidasana.com\/es\/wp-json\/wp\/v2\/pages\/49\/revisions\/13550"}],"up":[{"embeddable":true,"href":"https:\/\/centrolavidasana.com\/es\/wp-json\/wp\/v2\/pages\/41"}],"wp:featuredmedia":[{"embeddable":true,"href":"https:\/\/centrolavidasana.com\/es\/wp-json\/wp\/v2\/media\/1112"}],"wp:attachment":[{"href":"https:\/\/centrolavidasana.com\/es\/wp-json\/wp\/v2\/media?parent=49"}],"curies":[{"name":"wp","href":"https:\/\/api.w.org\/{rel}","templated":true}]}}