{"id":67,"date":"2015-08-04T12:41:22","date_gmt":"2015-08-04T12:41:22","guid":{"rendered":"http:\/\/lavidasana.ibp-dresden.de\/?page_id=67"},"modified":"2024-03-20T17:03:08","modified_gmt":"2024-03-20T17:03:08","slug":"ueber-uns","status":"publish","type":"page","link":"https:\/\/centrolavidasana.com\/es\/ueber-uns\/","title":{"rendered":"Qui\u00e9nes somos"},"content":{"rendered":"<div id=\"pl-67\"  class=\"panel-layout\" ><div id=\"pg-67-0\"  class=\"panel-grid panel-has-style\" ><div style=\"padding: 0px 0; \" class=\"panel-row-style panel-row-style-for-67-0\" ><div id=\"pgc-67-0-0\"  class=\"panel-grid-cell\" ><div id=\"panel-67-0-0-0\" class=\"so-panel widget widget_black-studio-tinymce widget_black_studio_tinymce panel-first-child panel-last-child\" data-index=\"0\" ><h3 class=\"widget-title\">qui\u00e9nes somos<\/h3><div class=\"textwidget\"><p style=\"text-align: center;\"><span style=\"color: #003366;\"><\/span><br \/>\n<span style=\"color: #003366;\">Somos una pareja alemana que vive desde hace muchos a\u00f1os en la isla m\u00e1gica de La Gomera.<\/span><\/p>\n<p style=\"text-align: center;\"><span style=\"color: #003366;\">Despu\u00e9s de haber experimentado y aprendido sobre muchas enfermedades nosotros mismos, hemos llegado a la conclusi\u00f3n a trav\u00e9s del estudio de soluciones, probando cosas nosotros mismos y asistiendo a muchos cursos y formaci\u00f3nes que s\u00f3lo podemos ser y sentirnos verdaderamente sanos si nuestro cuerpo, mente y alma son puros.<\/span><\/p>\n<p style=\"text-align: center;\"><span style=\"color: #003366;\">Por lo tanto, nos esforzamos por centrar nuestras vidas precisamente en esta pureza, y nos gustar\u00eda compartirla con ti a trav\u00e9s de nuestros servicios.<\/span><br \/>\n<span style=\"color: #003366;\"><\/span><\/p>\n<\/div><\/div><\/div><\/div><\/div><div id=\"pg-67-1\"  class=\"panel-grid panel-has-style\" ><div style=\"padding: 0px 0; \" class=\"panel-row-style panel-row-style-for-67-1\" ><div id=\"pgc-67-1-0\"  class=\"panel-grid-cell\" ><div id=\"panel-67-1-0-0\" class=\"so-panel widget widget_black-studio-tinymce widget_black_studio_tinymce panel-first-child panel-last-child\" data-index=\"1\" ><div class=\"panel-widget-style panel-widget-style-for-67-1-0-0\" ><div class=\"textwidget\"><p style=\"text-align: center;\"><a href=\"https:\/\/centrolavidasana.com\/wp-content\/uploads\/2015\/08\/Denis-zugeschnitten-1336.png\"><img loading=\"lazy\" decoding=\"async\" class=\"box-shadow2 aligncenter wp-image-1063 size-medium\" src=\"https:\/\/centrolavidasana.com\/wp-content\/uploads\/2015\/08\/Denis-zugeschnitten-1336-300x289.png\" alt=\"\" width=\"300\" height=\"289\" srcset=\"https:\/\/centrolavidasana.com\/wp-content\/uploads\/2015\/08\/Denis-zugeschnitten-1336-300x289.png 300w, https:\/\/centrolavidasana.com\/wp-content\/uploads\/2015\/08\/Denis-zugeschnitten-1336-1024x987.png 1024w, https:\/\/centrolavidasana.com\/wp-content\/uploads\/2015\/08\/Denis-zugeschnitten-1336-250x241.png 250w, https:\/\/centrolavidasana.com\/wp-content\/uploads\/2015\/08\/Denis-zugeschnitten-1336-830x800.png 830w, https:\/\/centrolavidasana.com\/wp-content\/uploads\/2015\/08\/Denis-zugeschnitten-1336-230x222.png 230w, https:\/\/centrolavidasana.com\/wp-content\/uploads\/2015\/08\/Denis-zugeschnitten-1336-350x337.png 350w, https:\/\/centrolavidasana.com\/wp-content\/uploads\/2015\/08\/Denis-zugeschnitten-1336.png 1336w\" sizes=\"auto, (max-width: 300px) 100vw, 300px\" \/><\/a><\/p>\n<p style=\"text-align: center;\"><span style=\"color: #ff6600;\"><strong>Denis<\/strong><\/span><\/p>\n<p style=\"text-align: center;\"><span style=\"color: #003366;\"><\/span><\/p>\n<p class=\"western\" style=\"text-align: center;\" align=\"center\"><span style=\"color: #003366;\">He nacido en 1971 en Berlin.<\/span><\/p>\n<p class=\"western\" style=\"text-align: center;\" align=\"center\"><span style=\"color: #003366;\">Mi primera profesi\u00f3n era <strong>cocinero<\/strong>. He trabajado en ella muchos a\u00f1os y he llegado a conocer todas las facetas de \u00e9l. Sea en la hosteler\u00eda, en la peque\u00f1a gastronom\u00eda, en la tropa con las fuerzas armadas o, por \u00faltimo, como jefe de cocina en un restaurante berlin\u00e9s con renombre. <\/span><\/p>\n<p class=\"western\" style=\"text-align: center;\" align=\"center\"><span style=\"color: #003366;\">Cuando tuve la impresi\u00f3n de que no pod\u00eda seguir m\u00e1s adelante y mi inter\u00e9s se dirig\u00eda en otras direcciones dej\u00e9 la profesi\u00f3n, vend\u00ed todo y viajaba con la mochila por el mundo para buscar lo que esperaba encontrar pero en ese momento no pude definir a\u00fan. <\/span><\/p>\n<p class=\"western\" style=\"text-align: center;\" align=\"center\"><span style=\"color: #003366;\">En Asia aprend\u00ed en el norte de Tailandia el masaje tai y con ello ya algo de la filosof\u00eda del este. <\/span><br \/>\n<span style=\"color: #003366;\">En Vietnam pude conocer la ense\u00f1anza del shiatsu. <\/span><\/p>\n<p class=\"western\" style=\"text-align: center;\" align=\"center\"><span style=\"color: #003366;\">Cuando volv\u00ed a Alemania me di cuenta r\u00e1pidamente que si quer\u00eda entender el hombre en su conjunto me faltaba el conocimiento de la anatom\u00eda y fisiolog\u00eda del humano. Entonces empec\u00e9 mis estudios de<strong> fisioterapeuta<\/strong>. Trabajaba algunos a\u00f1os en diferentes consultas, en la cl\u00ednica de c\u00e1ncer de Berl\u00edn-Buch, en la neurolog\u00eda del hospital de Berl\u00edn y finalmente con la bicicleta como terapeuta con visitas a domicilio. <\/span><\/p>\n<p class=\"western\" style=\"text-align: center;\" align=\"center\"><span style=\"color: #003366;\">En el 2007 llegu\u00e9 a La Gomera y otra vez mi vida cambiaba por completo. Esta vez se trataba de limpiarse en todos los niveles. Durante los primeros a\u00f1os trabajaba con mi mujer en nosotros mismos y nuestros patrones. <\/span><\/p>\n<p class=\"western\" style=\"text-align: center;\" align=\"center\"><span style=\"color: #003366;\">Luego me fue regalado el M\u00e9todo \u00cdntegra de la kinesiolog\u00eda por Dra. Rosemarie Frey que me cambi\u00f3 la manera de m\u00ed entender de la relaci\u00f3n del mundo hacia m\u00ed y yo hacia el mundo. Ahora puedo reconocer el mundo m\u00e1s como una unidad en la que todo est\u00e1 unido. <\/span><\/p>\n<p class=\"western\" style=\"text-align: center;\" align=\"center\"><span style=\"color: #003366;\">El siguiente paso era la limpieza del cuerpo. Primero nos dedicamos a pensar que y como hacer las cosas. Hemos estudiado mucho el tema. Hasta que nos pusimos en marcha. <\/span><\/p>\n<p class=\"western\" style=\"text-align: center;\" align=\"center\"><span style=\"color: #003366;\">Mi inter\u00e9s estaba despertado en seguida porque tantas cosas que antes no entend\u00eda daban sentido. Porque los humanos estamos en tanto desequilibrio o como el mundo civilizado de hoy con sus tantas caras nos hace tan d\u00e9bil, nervioso y enfermo\u2026 <\/span><\/p>\n<p class=\"western\" style=\"text-align: center;\" align=\"center\"><span style=\"color: #003366;\">He aprendido que un eslab\u00f3n importante de nuestro trabajo en Bremen es la <\/span><span style=\"color: #003366;\">hidro-<\/span><span style=\"color: #003366;\">terapia de colon. <\/span><\/p>\n<p class=\"western\" style=\"text-align: center;\" align=\"center\"><span style=\"color: #003366;\"><span class=\"tlid-translation translation\" lang=\"es\"><span class=\"\" title=\"\">Despu\u00e9s de eso, complet\u00e9 mi aprendizaje como <strong>naturopata<\/strong> con un buen grado y as\u00ed abr\u00ed un nuevo universo de nuevo.<\/span><br \/>\n<\/span><\/span><\/p>\n<p style=\"text-align: center;\"><span style=\"color: #003366;\"><span class=\"tlid-translation translation\" lang=\"es\"><span class=\"\" title=\"\">Dado que el tema de la nutrici\u00f3n y el estilo de vida saludable es la base para una vida saludable para m\u00ed, ahora me he capacitado como <strong>nutricionista<\/strong> \/ <strong>consultor de salud<\/strong> y <strong>gu\u00eda de ayunas<\/strong>.<\/span><\/span><\/span><\/p>\n<p style=\"text-align: center;\"><span style=\"color: #003366;\">Para llenar a\u00fan m\u00e1s nuestra caja de herramientas de opciones curativas para ti, aprend\u00ed <strong>fitoterapia<\/strong>, <strong>acupuntura<\/strong>, <strong>terapia neural<\/strong>, <strong>terapia hormonal hol\u00edstica<\/strong> y tambi\u00e9n <strong>asesoramiento psicol\u00f3gico<\/strong>.<\/span><\/p>\n<p style=\"text-align: center;\"><span style=\"color: #003366;\"><span class=\"tlid-translation translation\" lang=\"es\"><br \/>\n<span class=\"\" title=\"\">Y ahora siento que mi trabajo es una cosa casi redonda en la que puedo unir todos los aspectos aprendidos de mi vida y, por lo tanto, quiero apoyarlos en todos los niveles en el proceso de curaci\u00f3n.<\/span><\/span><\/span><\/p>\n<p class=\"western\" style=\"text-align: center;\" align=\"center\"><span style=\"color: #003366;\">Y hay much\u00edsimo m\u00e1s que aprender \u2013 y me alegro por ello. <\/span><\/p>\n<p style=\"text-align: center;\" align=\"center\">\n<\/div><\/div><\/div><\/div><div id=\"pgc-67-1-1\"  class=\"panel-grid-cell\" ><div id=\"panel-67-1-1-0\" class=\"so-panel widget widget_black-studio-tinymce widget_black_studio_tinymce panel-first-child panel-last-child\" data-index=\"2\" ><div class=\"panel-widget-style panel-widget-style-for-67-1-1-0\" ><div class=\"textwidget\"><p style=\"text-align: center;\"><a href=\"https:\/\/centrolavidasana.com\/wp-content\/uploads\/2015\/08\/verena-zugeschniten-1336.jpg\"><img loading=\"lazy\" decoding=\"async\" class=\"box-shadow2 aligncenter wp-image-1064 size-medium\" src=\"https:\/\/centrolavidasana.com\/wp-content\/uploads\/2015\/08\/verena-zugeschniten-1336-300x291.jpg\" alt=\"\" width=\"300\" height=\"291\" srcset=\"https:\/\/centrolavidasana.com\/wp-content\/uploads\/2015\/08\/verena-zugeschniten-1336-300x291.jpg 300w, https:\/\/centrolavidasana.com\/wp-content\/uploads\/2015\/08\/verena-zugeschniten-1336-1024x993.jpg 1024w, https:\/\/centrolavidasana.com\/wp-content\/uploads\/2015\/08\/verena-zugeschniten-1336-250x243.jpg 250w, https:\/\/centrolavidasana.com\/wp-content\/uploads\/2015\/08\/verena-zugeschniten-1336-830x805.jpg 830w, https:\/\/centrolavidasana.com\/wp-content\/uploads\/2015\/08\/verena-zugeschniten-1336-230x223.jpg 230w, https:\/\/centrolavidasana.com\/wp-content\/uploads\/2015\/08\/verena-zugeschniten-1336-350x340.jpg 350w, https:\/\/centrolavidasana.com\/wp-content\/uploads\/2015\/08\/verena-zugeschniten-1336.jpg 1336w\" sizes=\"auto, (max-width: 300px) 100vw, 300px\" \/><\/a><\/p>\n<p style=\"text-align: center;\"><span style=\"color: #ff6600;\"><strong>Verena<\/strong><\/span><\/p>\n<p style=\"text-align: center;\"><span style=\"color: #003366;\"><\/span><br \/>\n<span style=\"color: #003366;\">Nac\u00ed en Brehna\/Halle en 1966 y crec\u00ed en Sandersdorf\/Bitterfeld.<\/span><\/p>\n<p style=\"text-align: center;\"><span style=\"color: #003366;\">Por desgracia, mis aspiraciones profesionales eran inalcanzables en la RDA. Las opciones profesionales eran muy limitadas, as\u00ed que decid\u00ed formarme como electricista. Despu\u00e9s de terminar mi aprendizaje, me traslad\u00e9 a Berl\u00edn con el deseo de cambiar y empezar de nuevo.<\/span><\/p>\n<p style=\"text-align: center;\"><span style=\"color: #003366;\">Trabaj\u00e9 como modelo independiente y asum\u00ed tareas de organizaci\u00f3n en eventos de moda. Tambi\u00e9n confeccionaba ropa para m\u00ed y para la venta.<\/span><\/p>\n<p style=\"text-align: center;\"><span style=\"color: #003366;\">Cuando sal\u00ed de la RDA, me encontr\u00e9 con un nuevo sistema econ\u00f3mico que quer\u00eda conocer y entender. As\u00ed que decid\u00ed formarme como empleada de procesamiento de datos. Profundic\u00e9 mis conocimientos comerciales en la FU de Berl\u00edn. Trabaj\u00e9 como profesora aut\u00f3noma de comercio, me inici\u00e9 en la publicidad y acab\u00e9 dirigiendo durante mucho tiempo una cadena de restaurantes de gran \u00e9xito en Berl\u00edn.<\/span><\/p>\n<p style=\"text-align: center;\"><span style=\"color: #003366;\">Cuando estaba totalmente quemada y mis dolores me agobiaban, mi deseo de cambio y de ser yo misma crec\u00eda y crec\u00eda. Me desped\u00ed del mundo que conoc\u00eda y emprend\u00ed un viaje hacia m\u00ed misma.<\/span><br \/>\n<span style=\"color: #003366;\">Pas\u00e9 mucho tiempo viajando, en retiros por todo el mundo, en playas en soledad y siempre en busca de m\u00ed misma y de mis respuestas a tantas preguntas no formuladas.<\/span><\/p>\n<p style=\"text-align: center;\"><span style=\"color: #003366;\">Aprend\u00ed mucho de m\u00ed misma, de mis enfermedades y de la gente que conoc\u00ed. Para profundizar y comprender mejor lo que hab\u00eda aprendido, asist\u00ed a muchos cursos de formaci\u00f3n en los campos de la naturopat\u00eda, la psicolog\u00eda y la cosm\u00e9tica.<\/span><\/p>\n<p style=\"text-align: center;\"><span style=\"color: #003366;\">Entre otras cosas, estudi\u00e9 masaje terap\u00e9utico tailand\u00e9s en Tailandia, complet\u00e9 la formaci\u00f3n como profesional no m\u00e9dico de la psicoterapia y me sumerg\u00ed en la formaci\u00f3n como psicobi\u00f3nica, consejera psicol\u00f3gica, consejera de salud, esteticista especializada, profesora de Hatha yoga y en acupuntura y kinesiolog\u00eda.<\/span><\/p>\n<p style=\"text-align: center;\"><span style=\"color: #003366;\">Trabajando junto a mi querido marido en nuestro centro con nuestros pacientes y conociendo a tantas personas para las que la vida exige un cambio, igual que me ocurri\u00f3 a m\u00ed entonces, mi hambre de seguir form\u00e1ndome y desarroll\u00e1ndome sigue naturalmente viva.<\/span><\/p>\n<p style=\"text-align: center;\"><span style=\"color: #003366;\">Doy gracias a la vida por ello y espero con impaciencia cada nuevo encuentro y la oportunidad de crecimiento que conlleva.<\/span><br \/>\n<span style=\"color: #003366;\"><\/span><\/p>\n<\/div><\/div><\/div><\/div><\/div><\/div><div id=\"pg-67-2\"  class=\"panel-grid panel-has-style\" ><div style=\"padding: 100px 0; \" class=\"panel-row-style panel-row-style-for-67-2\" ><div id=\"pgc-67-2-0\"  class=\"panel-grid-cell\" ><div id=\"panel-67-2-0-0\" class=\"so-panel widget widget_black-studio-tinymce widget_black_studio_tinymce panel-first-child panel-last-child\" data-index=\"3\" ><div class=\"textwidget\"><p style=\"text-align: center;\"><span style=\"color: #003366;\"> <\/span><\/p>\n<h4 style=\"text-align: center;\"><span style=\"color: #ff6600;\">Estamos deseando del encuentro de humano con humano.\u00a0\u00a0<\/span><\/h4>\n<p style=\"text-align: center;\">\n<span style=\"color: #003366;\"><\/span><\/p>\n<\/div><\/div><\/div><\/div><\/div><\/div>","protected":false},"excerpt":{"rendered":"<p>Somos una pareja alemana que vive desde hace muchos a\u00f1os en la isla m\u00e1gica de La Gomera. Despu\u00e9s de haber experimentado y aprendido sobre muchas enfermedades nosotros mismos, hemos llegado a la conclusi\u00f3n a trav\u00e9s del estudio de soluciones, probando cosas nosotros mismos y asistiendo a muchos cursos y formaci\u00f3nes que s\u00f3lo podemos ser y [&hellip;]<\/p>\n","protected":false},"author":2,"featured_media":1125,"parent":0,"menu_order":0,"comment_status":"closed","ping_status":"closed","template":"page-templates\/page_fullwidth.php","meta":{"footnotes":""},"class_list":["post-67","page","type-page","status-publish","has-post-thumbnail","hentry"],"_links":{"self":[{"href":"https:\/\/centrolavidasana.com\/es\/wp-json\/wp\/v2\/pages\/67","targetHints":{"allow":["GET"]}}],"collection":[{"href":"https:\/\/centrolavidasana.com\/es\/wp-json\/wp\/v2\/pages"}],"about":[{"href":"https:\/\/centrolavidasana.com\/es\/wp-json\/wp\/v2\/types\/page"}],"author":[{"embeddable":true,"href":"https:\/\/centrolavidasana.com\/es\/wp-json\/wp\/v2\/users\/2"}],"replies":[{"embeddable":true,"href":"https:\/\/centrolavidasana.com\/es\/wp-json\/wp\/v2\/comments?post=67"}],"version-history":[{"count":56,"href":"https:\/\/centrolavidasana.com\/es\/wp-json\/wp\/v2\/pages\/67\/revisions"}],"predecessor-version":[{"id":13432,"href":"https:\/\/centrolavidasana.com\/es\/wp-json\/wp\/v2\/pages\/67\/revisions\/13432"}],"wp:featuredmedia":[{"embeddable":true,"href":"https:\/\/centrolavidasana.com\/es\/wp-json\/wp\/v2\/media\/1125"}],"wp:attachment":[{"href":"https:\/\/centrolavidasana.com\/es\/wp-json\/wp\/v2\/media?parent=67"}],"curies":[{"name":"wp","href":"https:\/\/api.w.org\/{rel}","templated":true}]}}