{"id":71,"date":"2015-08-04T12:41:46","date_gmt":"2015-08-04T12:41:46","guid":{"rendered":"http:\/\/lavidasana.ibp-dresden.de\/?page_id=71"},"modified":"2024-02-09T10:57:44","modified_gmt":"2024-02-09T10:57:44","slug":"empfehlungen","status":"publish","type":"page","link":"https:\/\/centrolavidasana.com\/es\/empfehlungen\/","title":{"rendered":"Recomendaciones"},"content":{"rendered":"<div id=\"pl-71\"  class=\"panel-layout\" ><div id=\"pg-71-0\"  class=\"panel-grid panel-has-style\" ><div style=\"padding: 0px 0; \" class=\"panel-row-style panel-row-style-for-71-0\" ><div id=\"pgc-71-0-0\"  class=\"panel-grid-cell\" ><div id=\"panel-71-0-0-0\" class=\"so-panel widget widget_black-studio-tinymce widget_black_studio_tinymce panel-first-child panel-last-child\" data-index=\"0\" ><div class=\"content-headline panel-widget-style panel-widget-style-for-71-0-0-0\" ><h3 class=\"widget-title\">recomendaciones<\/h3><div class=\"textwidget\"><\/div><\/div><\/div><\/div><\/div><\/div><div id=\"pg-71-1\"  class=\"panel-grid panel-has-style\" ><div style=\"padding: 0px 0; \" class=\"panel-row-style panel-row-style-for-71-1\" ><div id=\"pgc-71-1-0\"  class=\"panel-grid-cell\" ><div id=\"panel-71-1-0-0\" class=\"so-panel widget widget_black-studio-tinymce widget_black_studio_tinymce panel-first-child panel-last-child\" data-index=\"1\" ><div class=\"textwidget\"><\/p>\n<p style=\"text-align: center;\"><a href=\"https:\/\/centrolavidasana.com\/wp-content\/uploads\/2015\/08\/leberreinigung-es.jpg\"><img loading=\"lazy\" decoding=\"async\" class=\"box-shadow2 aligncenter wp-image-1197 size-medium\" src=\"https:\/\/centrolavidasana.com\/wp-content\/uploads\/2015\/08\/leberreinigung-es-189x300.jpg\" alt=\"leberreinigung es\" width=\"189\" height=\"300\" srcset=\"https:\/\/centrolavidasana.com\/wp-content\/uploads\/2015\/08\/leberreinigung-es-189x300.jpg 189w, https:\/\/centrolavidasana.com\/wp-content\/uploads\/2015\/08\/leberreinigung-es-250x397.jpg 250w, https:\/\/centrolavidasana.com\/wp-content\/uploads\/2015\/08\/leberreinigung-es-230x366.jpg 230w, https:\/\/centrolavidasana.com\/wp-content\/uploads\/2015\/08\/leberreinigung-es.jpg 314w\" sizes=\"auto, (max-width: 189px) 100vw, 189px\" \/><\/a><\/p>\n<p style=\"text-align: center;\"><span style=\"color: #ff6600;\"><strong><span style=\"font-size: large;\"><b>ISBN-13:<\/b> 978-8497777933<\/span><\/strong><\/span><\/p>\n<p style=\"text-align: center;\"><span style=\"color: #003366;\">El extraordinario \u00e9xito de Limpieza hep\u00e1tica y de la ves\u00edcula en todo el mundo es testimonio de la eficacia de la limpieza hep\u00e1tica, que ha conseguido extraordinarias mejor\u00edas en la salud y bienestar de miles de personas que ya se han otorgado el precioso regalo de un h\u00edgado fuerte, limpio y revitalizado. Tras 18 ediciones s\u00f3lo en espa\u00f1ol y m\u00e1s de 1.000 cartas o correos electr\u00f3nicos de lectores agradecidos por fin llega la edici\u00f3n de BOLSILLO de este imprescindible best seller de la salud, donde encontrar\u00e1s una l\u00facida explicaci\u00f3n de las causas de los c\u00e1lculos biliares en el h\u00edgado y la ves\u00edcula, y por qu\u00e9 estas piedras pueden ser las responsables de las enfermedades m\u00e1s comunes que nos aquejan en la actualidad. Andreas Moritz proporciona a sus lectores las instrucciones pr\u00e1cticas necesarias para expulsar las piedras en la comodidad de su casa y sin dolor alguno, adem\u00e1s de presentar un conjunto de h\u00e1bitos saludables para evitar la formaci\u00f3n de nuevos c\u00e1lculos. El m\u00e9todo de Limpieza hep\u00e1tica y de la ves\u00edcula de Andreas Moritz es original y \u00fanico. \u00a1Desconf\u00eda de imitaciones, tu salud est\u00e1 en juego! Una poderosa herramienta para optimizar su salud y bienestar<strong><br \/>\n<\/strong><\/span><\/p>\n<hr \/>\n<p style=\"text-align: left;\"><a href=\"https:\/\/centrolavidasana.com\/wp-content\/uploads\/2015\/08\/Dahlke-vegan-es.jpg\"><img loading=\"lazy\" decoding=\"async\" class=\"box-shadow2 aligncenter wp-image-1199 size-medium\" src=\"https:\/\/centrolavidasana.com\/wp-content\/uploads\/2015\/08\/Dahlke-vegan-es-199x300.jpg\" alt=\"Dahlke vegan es\" width=\"199\" height=\"300\" srcset=\"https:\/\/centrolavidasana.com\/wp-content\/uploads\/2015\/08\/Dahlke-vegan-es-199x300.jpg 199w, https:\/\/centrolavidasana.com\/wp-content\/uploads\/2015\/08\/Dahlke-vegan-es-250x377.jpg 250w, https:\/\/centrolavidasana.com\/wp-content\/uploads\/2015\/08\/Dahlke-vegan-es-230x347.jpg 230w, https:\/\/centrolavidasana.com\/wp-content\/uploads\/2015\/08\/Dahlke-vegan-es.jpg 331w\" sizes=\"auto, (max-width: 199px) 100vw, 199px\" \/><\/a><\/p>\n<p style=\"text-align: center;\"><span style=\"color: #ff6600;\"><strong><b>ISBN-13:<\/b> 978-8415541608<\/strong><\/span><\/p>\n<p style=\"text-align: center;\"><span style=\"color: #003366;\">La alimentaci\u00f3n vegana, exenta de cualquier producto de origen animal, es un camino que toman cada vez m\u00e1s personas motivadas por razones \u00e9ticas y de salud. Numerosos estudios coinciden en que la carne y los productos l\u00e1cteos se encuentran en el origen de enfermedades como la diabetes, las enfermedades autoinmunes, las cardiovasculares o el c\u00e1ncer. Seg\u00fan Ruediger Dahlke, estas dolencias son inseparables de los m\u00e9todos de cr\u00eda masiva de los animales que ingerimos y del sufrimiento que experimentan al ser sacrificados. Afortunadamente, existe una v\u00eda m\u00e1s pac\u00edfica: una alimentaci\u00f3n basada en valiosos carbohidratos as\u00ed como en prote\u00edna vegetal de primera calidad.<\/span><\/p>\n<hr \/>\n<p style=\"text-align: left;\">\n<\/div><\/div><\/div><\/div><\/div><\/div>","protected":false},"excerpt":{"rendered":"<p>ISBN-13: 978-8497777933 El extraordinario \u00e9xito de Limpieza hep\u00e1tica y de la ves\u00edcula en todo el mundo es testimonio de la eficacia de la limpieza hep\u00e1tica, que ha conseguido extraordinarias mejor\u00edas en la salud y bienestar de miles de personas que ya se han otorgado el precioso regalo de un h\u00edgado fuerte, limpio y revitalizado. Tras [&hellip;]<\/p>\n","protected":false},"author":2,"featured_media":1107,"parent":0,"menu_order":0,"comment_status":"closed","ping_status":"closed","template":"page-templates\/page_fullwidth.php","meta":{"footnotes":""},"class_list":["post-71","page","type-page","status-publish","has-post-thumbnail","hentry"],"_links":{"self":[{"href":"https:\/\/centrolavidasana.com\/es\/wp-json\/wp\/v2\/pages\/71","targetHints":{"allow":["GET"]}}],"collection":[{"href":"https:\/\/centrolavidasana.com\/es\/wp-json\/wp\/v2\/pages"}],"about":[{"href":"https:\/\/centrolavidasana.com\/es\/wp-json\/wp\/v2\/types\/page"}],"author":[{"embeddable":true,"href":"https:\/\/centrolavidasana.com\/es\/wp-json\/wp\/v2\/users\/2"}],"replies":[{"embeddable":true,"href":"https:\/\/centrolavidasana.com\/es\/wp-json\/wp\/v2\/comments?post=71"}],"version-history":[{"count":76,"href":"https:\/\/centrolavidasana.com\/es\/wp-json\/wp\/v2\/pages\/71\/revisions"}],"predecessor-version":[{"id":13019,"href":"https:\/\/centrolavidasana.com\/es\/wp-json\/wp\/v2\/pages\/71\/revisions\/13019"}],"wp:featuredmedia":[{"embeddable":true,"href":"https:\/\/centrolavidasana.com\/es\/wp-json\/wp\/v2\/media\/1107"}],"wp:attachment":[{"href":"https:\/\/centrolavidasana.com\/es\/wp-json\/wp\/v2\/media?parent=71"}],"curies":[{"name":"wp","href":"https:\/\/api.w.org\/{rel}","templated":true}]}}